{"id":155,"date":"2024-08-08T11:28:54","date_gmt":"2024-08-08T09:28:54","guid":{"rendered":"https:\/\/bellysma.fr\/?page_id=155"},"modified":"2024-08-08T11:51:17","modified_gmt":"2024-08-08T09:51:17","slug":"particuliers","status":"publish","type":"page","link":"https:\/\/bellysma.fr\/index.php\/particuliers\/","title":{"rendered":"Particuliers"},"content":{"rendered":"\n<h5 class=\"wp-block-heading\">Bienvenue chez Bellysma Assurances : Votre Protection, Notre Engagement<\/h5>\n\n\n\n<p>Chez <strong>Bellysma Assurances<\/strong>, nous savons combien il est important de prot\u00e9ger ce qui vous tient \u00e0 c\u0153ur. En tant qu&rsquo;agence d&rsquo;assurance proche de ses clients, nous mettons un point d&rsquo;honneur \u00e0 offrir des solutions sur-mesure, adapt\u00e9es \u00e0 vos besoins sp\u00e9cifiques. Notre engagement est de vous accompagner \u00e0 chaque \u00e9tape de votre vie, en vous proposant des contrats d&rsquo;assurance personnalis\u00e9s qui garantissent votre s\u00e9r\u00e9nit\u00e9 au quotidien.<\/p>\n\n\n\n<h5 class=\"wp-block-heading\">Nos Contrats d&rsquo;Assurances pour Particuliers<\/h5>\n\n\n\n<ol class=\"wp-block-list\">\n<li><strong>Assurance Habitation<\/strong><br>Votre domicile est bien plus qu\u2019un simple lieu de vie : c\u2019est votre refuge. Chez Bellysma Assurances, nous vous proposons une assurance habitation qui prot\u00e8ge non seulement votre maison ou appartement, mais aussi tout ce qui s\u2019y trouve. En cas de sinistre, qu\u2019il s\u2019agisse d\u2019un incendie, d\u2019un d\u00e9g\u00e2t des eaux, ou d\u2019un cambriolage, nous intervenons rapidement pour vous indemniser et vous soutenir dans les moments difficiles. Gr\u00e2ce \u00e0 nos garanties \u00e9tendues, vous b\u00e9n\u00e9ficiez d\u2019une protection compl\u00e8te, y compris en responsabilit\u00e9 civile.<\/li>\n\n\n\n<li><strong>Assurance Automobile<\/strong><br>Notre assurance automobile est con\u00e7ue pour vous offrir une couverture optimale. Nous vous aidons \u00e0 choisir le niveau de protection qui correspond \u00e0 vos habitudes de conduite, qu\u2019il s\u2019agisse d\u2019une assurance au tiers ou d\u2019une couverture tous risques. Avec Bellysma Assurances, vous \u00eates \u00e9galement prot\u00e9g\u00e9 en cas de panne gr\u00e2ce \u00e0 notre assistance disponible 24h\/24, ainsi que par des garanties sp\u00e9cifiques comme la protection du conducteur.<\/li>\n\n\n\n<li><strong>Assurance Sant\u00e9<\/strong><br>Parce que votre sant\u00e9 est pr\u00e9cieuse, nous vous proposons des solutions d\u2019assurance sant\u00e9 qui compl\u00e8tent les remboursements de la s\u00e9curit\u00e9 sociale. Chez Bellysma Assurances, nous prenons le temps de comprendre vos besoins et ceux de votre famille pour vous offrir une mutuelle adapt\u00e9e, couvrant vos d\u00e9penses m\u00e9dicales, hospitalisations, et soins sp\u00e9cifiques. Gr\u00e2ce \u00e0 notre large choix de formules, vous b\u00e9n\u00e9ficiez d\u2019une couverture sur mesure, incluant des options pour les m\u00e9decines douces, la pr\u00e9vention, ou encore les soins dentaires et optiques.<\/li>\n\n\n\n<li><strong>Assurance Vie<\/strong><br>Pr\u00e9parez votre avenir et assurez la s\u00e9curit\u00e9 financi\u00e8re de vos proches avec notre assurance vie. Ce contrat vous permet de constituer un capital pour financer vos projets, pr\u00e9parer votre retraite ou transmettre un patrimoine. Chez Bellysma Assurances, nous vous accompagnons dans le choix de la meilleure option, qu\u2019il s\u2019agisse d\u2019un placement s\u00e9curis\u00e9 ou d\u2019une valorisation dynamique de votre \u00e9pargne.<\/li>\n\n\n\n<li><strong>Assurance Pr\u00e9voyance<\/strong><br>Personne n\u2019est \u00e0 l\u2019abri des al\u00e9as de la vie. C\u2019est pourquoi notre assurance pr\u00e9voyance est l\u00e0 pour vous offrir une protection en cas d\u2019incapacit\u00e9 de travail, d\u2019invalidit\u00e9 ou de d\u00e9c\u00e8s. Chez Bellysma Assurances, nous veillons \u00e0 ce que vous et votre famille puissiez maintenir un niveau de vie confortable en toutes circonstances. Nos garanties incluent une rente d\u2019invalidit\u00e9, un capital d\u00e9c\u00e8s, et des indemnit\u00e9s journali\u00e8res pour vous accompagner dans les moments difficiles.<\/li>\n<\/ol>\n\n\n\n<h5 class=\"wp-block-heading\">Pourquoi Choisir Bellysma Assurances ?<\/h5>\n\n\n\n<p>Chez <strong>Bellysma Assurances<\/strong>, notre priorit\u00e9 est de vous offrir un service personnalis\u00e9, proche de vos attentes. Nous croyons fermement que chaque client est unique, c&rsquo;est pourquoi nous prenons le temps d\u2019\u00e9couter et de comprendre vos besoins pour vous proposer des solutions adapt\u00e9es. En choisissant notre agence, vous b\u00e9n\u00e9ficiez de conseils avis\u00e9s, d\u2019un suivi rigoureux, et de la r\u00e9activit\u00e9 d\u2019une \u00e9quipe d\u00e9di\u00e9e \u00e0 votre satisfaction.<\/p>\n\n\n\n<p>Faites confiance \u00e0 <strong>Bellysma Assurances<\/strong> pour prot\u00e9ger ce qui compte le plus pour vous, avec une approche humaine et professionnelle.<\/p>\n\n\n\n<p class=\"has-text-align-center\"><strong><em>CONTACTEZ NOUS<\/em><\/strong><\/p>\n\n\n\n<div class=\"wp-block-buttons is-content-justification-center is-layout-flex wp-container-core-buttons-is-layout-a89b3969 wp-block-buttons-is-layout-flex\">\n<div class=\"wp-block-button\"><a class=\"wp-block-button__link has-text-align-center wp-element-button\" href=\"mailto: Contact@bellysma.fr\">MAIL<\/a><\/div>\n\n\n\n<div class=\"wp-block-button\"><a class=\"wp-block-button__link wp-element-button\" href=\"Tel: 0328509400\">TEL<\/a><\/div>\n<\/div>\n","protected":false},"excerpt":{"rendered":"<p>Bienvenue chez Bellysma Assurances : Votre Protection, Notre Engagement Chez Bellysma Assurances, nous savons combien il est important de prot\u00e9ger ce qui [&hellip;]<\/p>\n","protected":false},"author":1,"featured_media":0,"parent":0,"menu_order":1,"comment_status":"closed","ping_status":"closed","template":"","meta":{"footnotes":""},"class_list":["post-155","page","type-page","status-publish","hentry"],"_links":{"self":[{"href":"https:\/\/bellysma.fr\/index.php\/wp-json\/wp\/v2\/pages\/155","targetHints":{"allow":["GET"]}}],"collection":[{"href":"https:\/\/bellysma.fr\/index.php\/wp-json\/wp\/v2\/pages"}],"about":[{"href":"https:\/\/bellysma.fr\/index.php\/wp-json\/wp\/v2\/types\/page"}],"author":[{"embeddable":true,"href":"https:\/\/bellysma.fr\/index.php\/wp-json\/wp\/v2\/users\/1"}],"replies":[{"embeddable":true,"href":"https:\/\/bellysma.fr\/index.php\/wp-json\/wp\/v2\/comments?post=155"}],"version-history":[{"count":5,"href":"https:\/\/bellysma.fr\/index.php\/wp-json\/wp\/v2\/pages\/155\/revisions"}],"predecessor-version":[{"id":163,"href":"https:\/\/bellysma.fr\/index.php\/wp-json\/wp\/v2\/pages\/155\/revisions\/163"}],"wp:attachment":[{"href":"https:\/\/bellysma.fr\/index.php\/wp-json\/wp\/v2\/media?parent=155"}],"curies":[{"name":"wp","href":"https:\/\/api.w.org\/{rel}","templated":true}]}}